{"id":2953,"date":"2021-12-10T20:27:57","date_gmt":"2021-12-10T20:27:57","guid":{"rendered":"https:\/\/zonecaptains.org\/noticias\/"},"modified":"2022-05-09T21:39:05","modified_gmt":"2022-05-09T21:39:05","slug":"noticias","status":"publish","type":"page","link":"https:\/\/zonecaptains.firebrandcollective.org\/es\/noticias\/","title":{"rendered":"Noticias y Eventos"},"content":{"rendered":"\t\t<div data-elementor-type=\"wp-page\" data-elementor-id=\"2953\" class=\"elementor elementor-2953 elementor-220\">\n\t\t\t\t\t\t\t\t\t<section class=\"ob-is-breaking-bad elementor-section elementor-top-section elementor-element elementor-element-eecae6d elementor-section-boxed elementor-section-height-default elementor-section-height-default\" data-id=\"eecae6d\" data-element_type=\"section\" data-settings=\"{&quot;_ob_bbad_use_it&quot;:&quot;yes&quot;,&quot;_ob_bbad_sssic_use&quot;:&quot;no&quot;,&quot;_ob_glider_is_slider&quot;:&quot;no&quot;}\">\n\t\t\t\t\t\t<div class=\"elementor-container elementor-column-gap-default\">\n\t\t\t\t\t<div class=\"elementor-column elementor-col-100 elementor-top-column elementor-element elementor-element-d2866b1\" data-id=\"d2866b1\" data-element_type=\"column\" data-settings=\"{&quot;_ob_bbad_is_stalker&quot;:&quot;no&quot;,&quot;_ob_teleporter_use&quot;:false,&quot;_ob_column_hoveranimator&quot;:&quot;no&quot;,&quot;_ob_column_has_pseudo&quot;:&quot;no&quot;}\">\n\t\t\t<div class=\"elementor-widget-wrap elementor-element-populated\">\n\t\t\t\t\t\t\t\t<div class=\"elementor-element elementor-element-29cfbd5 ob-has-background-overlay elementor-widget elementor-widget-template\" data-id=\"29cfbd5\" data-element_type=\"widget\" data-settings=\"{&quot;_ob_perspektive_use&quot;:&quot;no&quot;,&quot;_ob_poopart_use&quot;:&quot;yes&quot;,&quot;_ob_shadough_use&quot;:&quot;no&quot;,&quot;_ob_allow_hoveranimator&quot;:&quot;no&quot;,&quot;_ob_widget_stalker_use&quot;:&quot;no&quot;}\" data-widget_type=\"template.default\">\n\t\t\t\t<div class=\"elementor-widget-container\">\n\t\t\t\t\t<div class=\"elementor-template\">\n\t\t\t\t\t<\/div>\n\t\t\t\t<\/div>\n\t\t\t\t<\/div>\n\t\t\t\t<div class=\"elementor-element elementor-element-9a83280 ob-harakiri-inherit ob-has-background-overlay elementor-widget elementor-widget-heading\" data-id=\"9a83280\" data-element_type=\"widget\" data-settings=\"{&quot;_ob_use_harakiri&quot;:&quot;yes&quot;,&quot;_ob_harakiri_writing_mode&quot;:&quot;inherit&quot;,&quot;_ob_harakiri_text_clip&quot;:&quot;none&quot;,&quot;_ob_perspektive_use&quot;:&quot;no&quot;,&quot;_ob_poopart_use&quot;:&quot;yes&quot;,&quot;_ob_shadough_use&quot;:&quot;no&quot;,&quot;_ob_allow_hoveranimator&quot;:&quot;no&quot;,&quot;_ob_widget_stalker_use&quot;:&quot;no&quot;}\" data-widget_type=\"heading.default\">\n\t\t\t\t<div class=\"elementor-widget-container\">\n\t\t\t<h2 class=\"elementor-heading-title elementor-size-default\">Calendario de la comunidad <\/h2>\t\t<\/div>\n\t\t\t\t<\/div>\n\t\t\t\t<div class=\"elementor-element elementor-element-fa3066f ob-has-background-overlay elementor-widget elementor-widget-html\" data-id=\"fa3066f\" data-element_type=\"widget\" data-settings=\"{&quot;_ob_perspektive_use&quot;:&quot;no&quot;,&quot;_ob_poopart_use&quot;:&quot;yes&quot;,&quot;_ob_allow_hoveranimator&quot;:&quot;no&quot;,&quot;_ob_widget_stalker_use&quot;:&quot;no&quot;}\" data-widget_type=\"html.default\">\n\t\t\t\t<div class=\"elementor-widget-container\">\n\t\t\t<iframe loading=\"lazy\" src=\"https:\/\/calendar.google.com\/calendar\/embed?height=600&amp;wkst=1&amp;bgcolor=%23ffffff&amp;ctz=America%2FLos_Angeles&amp;title=Community%20Calendar%20&amp;src=czFkZTI1djhlOXJwbDExaHZkaW85bWczaHNAZ3JvdXAuY2FsZW5kYXIuZ29vZ2xlLmNvbQ&amp;color=%23c7a050\" style=\"border:solid 1px #777\" width=\"800\" height=\"600\" frameborder=\"0\" scrolling=\"no\"><\/iframe>\t\t<\/div>\n\t\t\t\t<\/div>\n\t\t\t\t<div class=\"elementor-element elementor-element-e556301 ob-has-background-overlay elementor-widget elementor-widget-spacer\" data-id=\"e556301\" data-element_type=\"widget\" data-settings=\"{&quot;_ob_spacerat_use&quot;:&quot;no&quot;,&quot;_ob_perspektive_use&quot;:&quot;no&quot;,&quot;_ob_poopart_use&quot;:&quot;yes&quot;,&quot;_ob_shadough_use&quot;:&quot;no&quot;,&quot;_ob_allow_hoveranimator&quot;:&quot;no&quot;,&quot;_ob_widget_stalker_use&quot;:&quot;no&quot;}\" data-widget_type=\"spacer.default\">\n\t\t\t\t<div class=\"elementor-widget-container\">\n\t\t\t\t\t<div class=\"elementor-spacer\">\n\t\t\t<div class=\"elementor-spacer-inner\"><\/div>\n\t\t<\/div>\n\t\t\t\t<\/div>\n\t\t\t\t<\/div>\n\t\t\t\t<div class=\"elementor-element elementor-element-5f50338 ob-harakiri-inherit ob-has-background-overlay elementor-widget elementor-widget-heading\" data-id=\"5f50338\" data-element_type=\"widget\" data-settings=\"{&quot;_ob_use_harakiri&quot;:&quot;yes&quot;,&quot;_ob_harakiri_writing_mode&quot;:&quot;inherit&quot;,&quot;_ob_harakiri_text_clip&quot;:&quot;none&quot;,&quot;_ob_perspektive_use&quot;:&quot;no&quot;,&quot;_ob_poopart_use&quot;:&quot;yes&quot;,&quot;_ob_shadough_use&quot;:&quot;no&quot;,&quot;_ob_allow_hoveranimator&quot;:&quot;no&quot;,&quot;_ob_widget_stalker_use&quot;:&quot;no&quot;}\" data-widget_type=\"heading.default\">\n\t\t\t\t<div class=\"elementor-widget-container\">\n\t\t\t<h2 class=\"elementor-heading-title elementor-size-default\">\u00daltimas noticias<\/h2>\t\t<\/div>\n\t\t\t\t<\/div>\n\t\t\t\t<div class=\"elementor-element elementor-element-65b6c11 elementor-grid-3 elementor-grid-tablet-2 elementor-grid-mobile-1 elementor-posts--thumbnail-top elementor-card-shadow-yes elementor-posts__hover-gradient elementor-invisible ob-has-background-overlay elementor-widget elementor-widget-posts\" data-id=\"65b6c11\" data-element_type=\"widget\" data-settings=\"{&quot;_animation&quot;:&quot;fadeIn&quot;,&quot;cards_columns&quot;:&quot;3&quot;,&quot;cards_columns_tablet&quot;:&quot;2&quot;,&quot;cards_columns_mobile&quot;:&quot;1&quot;,&quot;cards_row_gap&quot;:{&quot;unit&quot;:&quot;px&quot;,&quot;size&quot;:35,&quot;sizes&quot;:[]},&quot;cards_row_gap_tablet&quot;:{&quot;unit&quot;:&quot;px&quot;,&quot;size&quot;:&quot;&quot;,&quot;sizes&quot;:[]},&quot;cards_row_gap_mobile&quot;:{&quot;unit&quot;:&quot;px&quot;,&quot;size&quot;:&quot;&quot;,&quot;sizes&quot;:[]},&quot;_ob_perspektive_use&quot;:&quot;no&quot;,&quot;_ob_poopart_use&quot;:&quot;yes&quot;,&quot;_ob_shadough_use&quot;:&quot;no&quot;,&quot;_ob_allow_hoveranimator&quot;:&quot;no&quot;,&quot;_ob_widget_stalker_use&quot;:&quot;no&quot;}\" data-widget_type=\"posts.cards\">\n\t\t\t\t<div class=\"elementor-widget-container\">\n\t\t\t\t\t<div class=\"elementor-posts-container elementor-posts elementor-posts--skin-cards elementor-grid\">\n\t\t\t\t<article class=\"elementor-post elementor-grid-item post-3015 post type-post status-publish format-standard has-post-thumbnail hentry category-sin-categorizar\">\n\t\t\t<div class=\"elementor-post__card\">\n\t\t\t\t<a class=\"elementor-post__thumbnail__link\" href=\"https:\/\/zonecaptains.firebrandcollective.org\/es\/heroes-en-recuperacion\/\"><div class=\"elementor-post__thumbnail\"><img width=\"300\" height=\"251\" src=\"https:\/\/zonecaptains.firebrandcollective.org\/wp-content\/uploads\/2022\/04\/2-300x251.png\" class=\"attachment-medium size-medium wp-image-2930\" alt=\"\" decoding=\"async\" loading=\"lazy\" srcset=\"https:\/\/zonecaptains.firebrandcollective.org\/wp-content\/uploads\/2022\/04\/2-300x251.png 300w, https:\/\/zonecaptains.firebrandcollective.org\/wp-content\/uploads\/2022\/04\/2-768x644.png 768w, https:\/\/zonecaptains.firebrandcollective.org\/wp-content\/uploads\/2022\/04\/2.png 940w\" sizes=\"(max-width: 300px) 100vw, 300px\" \/><\/div><\/a>\n\t\t\t\t<div class=\"elementor-post__text\">\n\t\t\t\t<h3 class=\"elementor-post__title\">\n\t\t\t<a href=\"https:\/\/zonecaptains.firebrandcollective.org\/es\/heroes-en-recuperacion\/\">\n\t\t\t\t\u00a1H\u00e9roes en recuperaci\u00f3n!\t\t\t<\/a>\n\t\t<\/h3>\n\t\t\t\t<div class=\"elementor-post__excerpt\">\n\t\t\t<p>\u00a1Un administrador de casos de desastres es su socio esencial en la recuperaci\u00f3n! Previous Next<\/p>\n\t\t<\/div>\n\t\t\n\t\t<a class=\"elementor-post__read-more\" href=\"https:\/\/zonecaptains.firebrandcollective.org\/es\/heroes-en-recuperacion\/\" aria-label=\"Read more about \u00a1H\u00e9roes en recuperaci\u00f3n!\">\n\t\t\tLee mas \"\t\t<\/a>\n\n\t\t\t\t<\/div>\n\t\t\t\t<div class=\"elementor-post__meta-data\">\n\t\t\t\t\t<span class=\"elementor-post-date\">\n\t\t\tabril 21, 2022\t\t<\/span>\n\t\t\t\t<\/div>\n\t\t\t\t\t<\/div>\n\t\t<\/article>\n\t\t\t\t<article class=\"elementor-post elementor-grid-item post-3013 post type-post status-publish format-standard has-post-thumbnail hentry category-sin-categorizar\">\n\t\t\t<div class=\"elementor-post__card\">\n\t\t\t\t<a class=\"elementor-post__thumbnail__link\" href=\"https:\/\/zonecaptains.firebrandcollective.org\/es\/impacto-de-los-donantes\/\"><div class=\"elementor-post__thumbnail\"><img width=\"300\" height=\"251\" src=\"https:\/\/zonecaptains.firebrandcollective.org\/wp-content\/uploads\/2022\/04\/FB-1-300x251.png\" class=\"attachment-medium size-medium wp-image-2918\" alt=\"\" decoding=\"async\" loading=\"lazy\" srcset=\"https:\/\/zonecaptains.firebrandcollective.org\/wp-content\/uploads\/2022\/04\/FB-1-300x251.png 300w, https:\/\/zonecaptains.firebrandcollective.org\/wp-content\/uploads\/2022\/04\/FB-1-768x644.png 768w, https:\/\/zonecaptains.firebrandcollective.org\/wp-content\/uploads\/2022\/04\/FB-1.png 940w\" sizes=\"(max-width: 300px) 100vw, 300px\" \/><\/div><\/a>\n\t\t\t\t<div class=\"elementor-post__text\">\n\t\t\t\t<h3 class=\"elementor-post__title\">\n\t\t\t<a href=\"https:\/\/zonecaptains.firebrandcollective.org\/es\/impacto-de-los-donantes\/\">\n\t\t\t\t\u00a1Impacto de los donantes!\t\t\t<\/a>\n\t\t<\/h3>\n\t\t\t\t<div class=\"elementor-post__excerpt\">\n\t\t\t<p>Es con mucha gratitud que nuestra organizaci\u00f3n env\u00eda un \u00abGracias\u00bb especial a Pacific Power por su generosidad con nuestro programa de Capitanes de Zona, otorg\u00e1ndonos<\/p>\n\t\t<\/div>\n\t\t\n\t\t<a class=\"elementor-post__read-more\" href=\"https:\/\/zonecaptains.firebrandcollective.org\/es\/impacto-de-los-donantes\/\" aria-label=\"Read more about \u00a1Impacto de los donantes!\">\n\t\t\tLee mas \"\t\t<\/a>\n\n\t\t\t\t<\/div>\n\t\t\t\t<div class=\"elementor-post__meta-data\">\n\t\t\t\t\t<span class=\"elementor-post-date\">\n\t\t\tabril 14, 2022\t\t<\/span>\n\t\t\t\t<\/div>\n\t\t\t\t\t<\/div>\n\t\t<\/article>\n\t\t\t\t<article class=\"elementor-post elementor-grid-item post-3000 post type-post status-publish format-standard has-post-thumbnail hentry category-uncategorized tag-ayudar tag-conceder tag-condado-de-jackson tag-fuego tag-incendios-forestales tag-oregon-es\">\n\t\t\t<div class=\"elementor-post__card\">\n\t\t\t\t<a class=\"elementor-post__thumbnail__link\" href=\"https:\/\/zonecaptains.firebrandcollective.org\/es\/financiacion-por-orden-de-llegada\/\"><div class=\"elementor-post__thumbnail\"><img width=\"300\" height=\"143\" src=\"https:\/\/zonecaptains.firebrandcollective.org\/wp-content\/uploads\/2022\/03\/275571109_371451751654641_6882898946182946960_n-e1647380715893-300x143.jpg\" class=\"attachment-medium size-medium wp-image-2906\" alt=\"\" decoding=\"async\" loading=\"lazy\" srcset=\"https:\/\/zonecaptains.firebrandcollective.org\/wp-content\/uploads\/2022\/03\/275571109_371451751654641_6882898946182946960_n-e1647380715893-300x143.jpg 300w, https:\/\/zonecaptains.firebrandcollective.org\/wp-content\/uploads\/2022\/03\/275571109_371451751654641_6882898946182946960_n-e1647380715893.jpg 600w\" sizes=\"(max-width: 300px) 100vw, 300px\" \/><\/div><\/a>\n\t\t\t\t<div class=\"elementor-post__text\">\n\t\t\t\t<h3 class=\"elementor-post__title\">\n\t\t\t<a href=\"https:\/\/zonecaptains.firebrandcollective.org\/es\/financiacion-por-orden-de-llegada\/\">\n\t\t\t\t\u00a1Financiaci\u00f3n por orden de llegada!\t\t\t<\/a>\n\t\t<\/h3>\n\t\t\t\t<div class=\"elementor-post__excerpt\">\n\t\t\t<p>Si su hogar o negocio se perdi\u00f3 o da\u00f1\u00f3 en un incendio forestal durante 2020, puede ser elegible para recibir m\u00e1s de $ 6,000 en<\/p>\n\t\t<\/div>\n\t\t\n\t\t<a class=\"elementor-post__read-more\" href=\"https:\/\/zonecaptains.firebrandcollective.org\/es\/financiacion-por-orden-de-llegada\/\" aria-label=\"Read more about \u00a1Financiaci\u00f3n por orden de llegada!\">\n\t\t\tLee mas \"\t\t<\/a>\n\n\t\t\t\t<\/div>\n\t\t\t\t<div class=\"elementor-post__meta-data\">\n\t\t\t\t\t<span class=\"elementor-post-date\">\n\t\t\tmarzo 15, 2022\t\t<\/span>\n\t\t\t\t<\/div>\n\t\t\t\t\t<\/div>\n\t\t<\/article>\n\t\t\t\t<article class=\"elementor-post elementor-grid-item post-2994 post type-post status-publish format-standard has-post-thumbnail hentry category-uncategorized\">\n\t\t\t<div class=\"elementor-post__card\">\n\t\t\t\t<a class=\"elementor-post__thumbnail__link\" href=\"https:\/\/zonecaptains.firebrandcollective.org\/es\/tienes-preparacion\/\"><div class=\"elementor-post__thumbnail\"><img width=\"228\" height=\"228\" src=\"https:\/\/zonecaptains.firebrandcollective.org\/wp-content\/uploads\/2022\/02\/foundation4_3_columns_square_Get_Ready_Rogue_Logo_V3_Transparent.png\" class=\"attachment-medium size-medium wp-image-2895\" alt=\"\" decoding=\"async\" loading=\"lazy\" srcset=\"https:\/\/zonecaptains.firebrandcollective.org\/wp-content\/uploads\/2022\/02\/foundation4_3_columns_square_Get_Ready_Rogue_Logo_V3_Transparent.png 228w, https:\/\/zonecaptains.firebrandcollective.org\/wp-content\/uploads\/2022\/02\/foundation4_3_columns_square_Get_Ready_Rogue_Logo_V3_Transparent-150x150.png 150w\" sizes=\"(max-width: 228px) 100vw, 228px\" \/><\/div><\/a>\n\t\t\t\t<div class=\"elementor-post__text\">\n\t\t\t\t<h3 class=\"elementor-post__title\">\n\t\t\t<a href=\"https:\/\/zonecaptains.firebrandcollective.org\/es\/tienes-preparacion\/\">\n\t\t\t\t\u00bfTienes preparaci\u00f3n?\t\t\t<\/a>\n\t\t<\/h3>\n\t\t\t\t<div class=\"elementor-post__excerpt\">\n\t\t\t<p>Estamos emocionados de seguir a Rikki Perrin, entrenadora de preparaci\u00f3n para emergencias de Josefina Co. Manejo de Emergencias &#8211; Prep\u00e1rate Rogue! El plan de esta<\/p>\n\t\t<\/div>\n\t\t\n\t\t<a class=\"elementor-post__read-more\" href=\"https:\/\/zonecaptains.firebrandcollective.org\/es\/tienes-preparacion\/\" aria-label=\"Read more about \u00bfTienes preparaci\u00f3n?\">\n\t\t\tLee mas \"\t\t<\/a>\n\n\t\t\t\t<\/div>\n\t\t\t\t<div class=\"elementor-post__meta-data\">\n\t\t\t\t\t<span class=\"elementor-post-date\">\n\t\t\tfebrero 10, 2022\t\t<\/span>\n\t\t\t\t<\/div>\n\t\t\t\t\t<\/div>\n\t\t<\/article>\n\t\t\t\t<article class=\"elementor-post elementor-grid-item post-2982 post type-post status-publish format-standard has-post-thumbnail hentry category-sin-categorizar\">\n\t\t\t<div class=\"elementor-post__card\">\n\t\t\t\t<a class=\"elementor-post__thumbnail__link\" href=\"https:\/\/zonecaptains.firebrandcollective.org\/es\/video-recuperacion-a-largo-plazo-nos-lleva-a-todos\/\"><div class=\"elementor-post__thumbnail\"><img width=\"300\" height=\"150\" src=\"https:\/\/zonecaptains.firebrandcollective.org\/wp-content\/uploads\/2021\/12\/istockphoto-1219569378-170667a-300x150.jpg\" class=\"attachment-medium size-medium wp-image-2879\" alt=\"\" decoding=\"async\" loading=\"lazy\" srcset=\"https:\/\/zonecaptains.firebrandcollective.org\/wp-content\/uploads\/2021\/12\/istockphoto-1219569378-170667a-300x150.jpg 300w, https:\/\/zonecaptains.firebrandcollective.org\/wp-content\/uploads\/2021\/12\/istockphoto-1219569378-170667a.jpg 589w\" sizes=\"(max-width: 300px) 100vw, 300px\" \/><\/div><\/a>\n\t\t\t\t<div class=\"elementor-post__text\">\n\t\t\t\t<h3 class=\"elementor-post__title\">\n\t\t\t<a href=\"https:\/\/zonecaptains.firebrandcollective.org\/es\/video-recuperacion-a-largo-plazo-nos-lleva-a-todos\/\">\n\t\t\t\tV\u00cdDEO: \u00abRecuperaci\u00f3n a largo plazo: nos lleva a todos\u00bb\t\t\t<\/a>\n\t\t<\/h3>\n\t\t\t\t<div class=\"elementor-post__excerpt\">\n\t\t\t<p>Nos sentimos honrados de ser parte de una pieza tan incre\u00edble, que muestra colaboraciones s\u00f3lidas de la comunidad y un peque\u00f1o vistazo a los esfuerzos<\/p>\n\t\t<\/div>\n\t\t\n\t\t<a class=\"elementor-post__read-more\" href=\"https:\/\/zonecaptains.firebrandcollective.org\/es\/video-recuperacion-a-largo-plazo-nos-lleva-a-todos\/\" aria-label=\"Read more about V\u00cdDEO: \u00abRecuperaci\u00f3n a largo plazo: nos lleva a todos\u00bb\">\n\t\t\tLee mas \"\t\t<\/a>\n\n\t\t\t\t<\/div>\n\t\t\t\t<div class=\"elementor-post__meta-data\">\n\t\t\t\t\t<span class=\"elementor-post-date\">\n\t\t\tdiciembre 30, 2021\t\t<\/span>\n\t\t\t\t<\/div>\n\t\t\t\t\t<\/div>\n\t\t<\/article>\n\t\t\t\t<article class=\"elementor-post elementor-grid-item post-2986 post type-post status-publish format-standard has-post-thumbnail hentry category-sin-categorizar\">\n\t\t\t<div class=\"elementor-post__card\">\n\t\t\t\t<a class=\"elementor-post__thumbnail__link\" href=\"https:\/\/zonecaptains.firebrandcollective.org\/es\/2021-un-ano-de-crecimiento-y-cambio\/\"><div class=\"elementor-post__thumbnail\"><img width=\"300\" height=\"225\" src=\"https:\/\/zonecaptains.firebrandcollective.org\/wp-content\/uploads\/2021\/12\/73e5700d-451e-36b6-812e-c58ddcda8bfa-300x225.jpg\" class=\"attachment-medium size-medium wp-image-2877\" alt=\"\" decoding=\"async\" loading=\"lazy\" srcset=\"https:\/\/zonecaptains.firebrandcollective.org\/wp-content\/uploads\/2021\/12\/73e5700d-451e-36b6-812e-c58ddcda8bfa-300x225.jpg 300w, https:\/\/zonecaptains.firebrandcollective.org\/wp-content\/uploads\/2021\/12\/73e5700d-451e-36b6-812e-c58ddcda8bfa-768x576.jpg 768w, https:\/\/zonecaptains.firebrandcollective.org\/wp-content\/uploads\/2021\/12\/73e5700d-451e-36b6-812e-c58ddcda8bfa.jpg 924w\" sizes=\"(max-width: 300px) 100vw, 300px\" \/><\/div><\/a>\n\t\t\t\t<div class=\"elementor-post__text\">\n\t\t\t\t<h3 class=\"elementor-post__title\">\n\t\t\t<a href=\"https:\/\/zonecaptains.firebrandcollective.org\/es\/2021-un-ano-de-crecimiento-y-cambio\/\">\n\t\t\t\t2021: Un a\u00f1o de crecimiento y cambio&#8230;\t\t\t<\/a>\n\t\t<\/h3>\n\t\t\t\t<div class=\"elementor-post__excerpt\">\n\t\t\t<p>A menudo parece que nuestro trabajo nunca termina y, sinceramente, no es as\u00ed.&nbsp; Estamos celebrando el A\u00f1o Nuevo con corazones llenos de gratitud por el<\/p>\n\t\t<\/div>\n\t\t\n\t\t<a class=\"elementor-post__read-more\" href=\"https:\/\/zonecaptains.firebrandcollective.org\/es\/2021-un-ano-de-crecimiento-y-cambio\/\" aria-label=\"Read more about 2021: Un a\u00f1o de crecimiento y cambio&#8230;\">\n\t\t\tLee mas \"\t\t<\/a>\n\n\t\t\t\t<\/div>\n\t\t\t\t<div class=\"elementor-post__meta-data\">\n\t\t\t\t\t<span class=\"elementor-post-date\">\n\t\t\tdiciembre 30, 2021\t\t<\/span>\n\t\t\t\t<\/div>\n\t\t\t\t\t<\/div>\n\t\t<\/article>\n\t\t\t\t<\/div>\n\t\t\n\t\t\t\t<\/div>\n\t\t\t\t<\/div>\n\t\t\t\t\t<\/div>\n\t\t<\/div>\n\t\t\t\t\t\t\t<\/div>\n\t\t<\/section>\n\t\t\t\t\t\t\t<\/div>\n\t\t","protected":false},"excerpt":{"rendered":"<p>Calendario de la comunidad \u00daltimas noticias<\/p>\n","protected":false},"author":1,"featured_media":0,"parent":0,"menu_order":5,"comment_status":"closed","ping_status":"closed","template":"","meta":[],"_links":{"self":[{"href":"https:\/\/zonecaptains.firebrandcollective.org\/es\/wp-json\/wp\/v2\/pages\/2953"}],"collection":[{"href":"https:\/\/zonecaptains.firebrandcollective.org\/es\/wp-json\/wp\/v2\/pages"}],"about":[{"href":"https:\/\/zonecaptains.firebrandcollective.org\/es\/wp-json\/wp\/v2\/types\/page"}],"author":[{"embeddable":true,"href":"https:\/\/zonecaptains.firebrandcollective.org\/es\/wp-json\/wp\/v2\/users\/1"}],"replies":[{"embeddable":true,"href":"https:\/\/zonecaptains.firebrandcollective.org\/es\/wp-json\/wp\/v2\/comments?post=2953"}],"version-history":[{"count":11,"href":"https:\/\/zonecaptains.firebrandcollective.org\/es\/wp-json\/wp\/v2\/pages\/2953\/revisions"}],"predecessor-version":[{"id":3378,"href":"https:\/\/zonecaptains.firebrandcollective.org\/es\/wp-json\/wp\/v2\/pages\/2953\/revisions\/3378"}],"wp:attachment":[{"href":"https:\/\/zonecaptains.firebrandcollective.org\/es\/wp-json\/wp\/v2\/media?parent=2953"}],"curies":[{"name":"wp","href":"https:\/\/api.w.org\/{rel}","templated":true}]}}